{"id":4261,"date":"2020-12-03T11:04:09","date_gmt":"2020-12-03T11:04:09","guid":{"rendered":"http:\/\/localhost\/razzi\/?page_id=4261"},"modified":"2023-08-13T16:08:04","modified_gmt":"2023-08-13T16:08:04","slug":"home-v11","status":"publish","type":"page","link":"https:\/\/mazzola.rs\/en\/","title":{"rendered":"aaa"},"content":{"rendered":"\t\t<div data-elementor-type=\"wp-page\" data-elementor-id=\"4261\" class=\"elementor elementor-4261\">\n\t\t\t\t\t\t<section class=\"elementor-section elementor-top-section elementor-element elementor-element-f8a1458 elementor-section-full_width elementor-section-height-default elementor-section-height-default\" data-id=\"f8a1458\" data-element_type=\"section\">\n\t\t\t\t\t\t<div class=\"elementor-container elementor-column-gap-no\">\n\t\t\t\t\t<div class=\"elementor-column elementor-col-100 elementor-top-column elementor-element elementor-element-8183969\" data-id=\"8183969\" data-element_type=\"column\">\n\t\t\t<div class=\"elementor-widget-wrap elementor-element-populated\">\n\t\t\t\t\t\t<div class=\"elementor-element elementor-element-9afbf2a razzi--v-position-middle razzi-slide-banner__ratio--169 razzi-slides-elementor--arrow-style-1 razzi-slides-elementor--dots-style-1 elementor-widget elementor-widget-razzi-slides\" data-id=\"9afbf2a\" data-element_type=\"widget\" data-settings=\"{&quot;effect&quot;:&quot;fade&quot;,&quot;autoplay_speed&quot;:1000,&quot;aspect_ratio&quot;:&quot;169&quot;}\" data-widget_type=\"razzi-slides.default\">\n\t\t\t\t<div class=\"elementor-widget-container\">\n\t\t\t\t\t<div class=\"razzi-slides-elementor razzi-swiper-carousel-elementor razzi-swiper-slider-elementor navigation-dots navigation-tablet-dots navigation-mobile-arrows\">\r\n\t\t\t\t<div class=\"razzi-slides-elementor__wrapper swiper-container\">\r\n\t\t\t\t\t<div class=\"razzi-slides-elementor__inner swiper-wrapper\"><div  class=\"elementor-repeater-item-7be74f1 item-slider swiper-slide \"><div class=\"slick-slide-inner container\"><div class=\"razzi-slide-content\"><div class=\"razzi-slide-heading\">Izrada kvalitetnih venaca <br>\nod ve\u0161ta\u010dkih materijala<\/div><div class=\"razzi-slide-button\"><a href=\"https:\/\/mazzola.rs\/index.php\/prodavnica\/\" class=\"button-link\"><span class=\"button-text razzi-button\">Idi na prodavnicu <span class=\"razzi-svg-icon razzi-icon\"><svg aria-hidden=\"true\" role=\"img\" focusable=\"false\" xmlns=\"http:\/\/www.w3.org\/2000\/svg\" width=\"24\" height=\"24\" viewBox=\"0 0 24 24\" fill=\"none\" stroke=\"currentColor\" stroke-width=\"2\" stroke-linecap=\"round\" stroke-linejoin=\"round\"><line x1=\"0\" y1=\"12\" x2=\"19\" y2=\"12\"><\/line><polyline points=\"12 5 19 12 12 19\"><\/polyline><\/svg><\/span><\/span><\/a><\/div><\/div><\/div><\/div><\/div>\r\n\t\t\t\t<\/div>\r\n\t\t\t\t\r\n\t\t\t<\/div>\t\t\t\t<\/div>\n\t\t\t\t<\/div>\n\t\t\t\t\t<\/div>\n\t\t<\/div>\n\t\t\t\t\t<\/div>\n\t\t<\/section>\n\t\t\t\t<section class=\"elementor-section elementor-top-section elementor-element elementor-element-f48eff6 elementor-section-boxed elementor-section-height-default elementor-section-height-default\" data-id=\"f48eff6\" data-element_type=\"section\" data-settings=\"{&quot;background_background&quot;:&quot;classic&quot;}\">\n\t\t\t\t\t\t<div class=\"elementor-container elementor-column-gap-default\">\n\t\t\t\t\t<div class=\"elementor-column elementor-col-100 elementor-top-column elementor-element elementor-element-3f0e494\" data-id=\"3f0e494\" data-element_type=\"column\">\n\t\t\t<div class=\"elementor-widget-wrap elementor-element-populated\">\n\t\t\t\t\t\t<div class=\"elementor-element elementor-element-9a91d66 elementor-widget elementor-widget-heading\" data-id=\"9a91d66\" data-element_type=\"widget\" data-widget_type=\"heading.default\">\n\t\t\t\t<div class=\"elementor-widget-container\">\n\t\t\t\t\t<h3 class=\"elementor-heading-title elementor-size-default\">O nama<\/h3>\t\t\t\t<\/div>\n\t\t\t\t<\/div>\n\t\t\t\t\t<\/div>\n\t\t<\/div>\n\t\t\t\t\t<\/div>\n\t\t<\/section>\n\t\t\t\t<section class=\"elementor-section elementor-top-section elementor-element elementor-element-4787ab6 elementor-section-boxed elementor-section-height-default elementor-section-height-default\" data-id=\"4787ab6\" data-element_type=\"section\" data-settings=\"{&quot;background_background&quot;:&quot;classic&quot;}\">\n\t\t\t\t\t\t\t<div class=\"elementor-background-overlay\"><\/div>\n\t\t\t\t\t\t\t<div class=\"elementor-container elementor-column-gap-default\">\n\t\t\t\t\t<div class=\"elementor-column elementor-col-50 elementor-top-column elementor-element elementor-element-f7d206a\" data-id=\"f7d206a\" data-element_type=\"column\">\n\t\t\t<div class=\"elementor-widget-wrap elementor-element-populated\">\n\t\t\t\t\t\t<div class=\"elementor-element elementor-element-74ae3e6 elementor-widget elementor-widget-image\" data-id=\"74ae3e6\" data-element_type=\"widget\" data-widget_type=\"image.default\">\n\t\t\t\t<div class=\"elementor-widget-container\">\n\t\t\t\t\t\t\t\t\t\t\t\t\t\t\t<img fetchpriority=\"high\" decoding=\"async\" width=\"300\" height=\"300\" src=\"https:\/\/mazzola.rs\/wp-content\/uploads\/2023\/07\/circle2-300x300.png\" class=\"attachment-medium size-medium wp-image-11495\" alt=\"\" srcset=\"https:\/\/mazzola.rs\/wp-content\/uploads\/2023\/07\/circle2-300x300.png 300w, https:\/\/mazzola.rs\/wp-content\/uploads\/2023\/07\/circle2-150x150.png 150w, https:\/\/mazzola.rs\/wp-content\/uploads\/2023\/07\/circle2.png 400w\" sizes=\"(max-width: 300px) 100vw, 300px\" \/>\t\t\t\t\t\t\t\t\t\t\t\t\t\t\t<\/div>\n\t\t\t\t<\/div>\n\t\t\t\t\t<\/div>\n\t\t<\/div>\n\t\t\t\t<div class=\"elementor-column elementor-col-50 elementor-top-column elementor-element elementor-element-3c1c436\" data-id=\"3c1c436\" data-element_type=\"column\">\n\t\t\t<div class=\"elementor-widget-wrap elementor-element-populated\">\n\t\t\t\t\t\t<div class=\"elementor-element elementor-element-c9c89d4 elementor-widget__width-initial elementor-widget elementor-widget-text-editor\" data-id=\"c9c89d4\" data-element_type=\"widget\" data-widget_type=\"text-editor.default\">\n\t\t\t\t<div class=\"elementor-widget-container\">\n\t\t\t\t\t\t\t\t\t<p><span style=\"color: #111111;\">D.o.o. Mazzola Internationa ve\u0107 preko petnaest godina ru\u010dno proizvodi korpe i vence svih veli\u010dina i oblika, sa ramovima od \u010deli\u010dne \u017eice i kvalitetnim ve\u0161ta\u010dkim zelenilom. Tu smo da Vama olak\u0161amo poslovanje. Spremni smo na svaki dogovor i saradnju.<\/span><\/p>\t\t\t\t\t\t\t\t<\/div>\n\t\t\t\t<\/div>\n\t\t\t\t\t<\/div>\n\t\t<\/div>\n\t\t\t\t\t<\/div>\n\t\t<\/section>\n\t\t\t\t<section class=\"elementor-section elementor-top-section elementor-element elementor-element-5a01223 elementor-section-boxed elementor-section-height-default elementor-section-height-default\" data-id=\"5a01223\" data-element_type=\"section\" data-settings=\"{&quot;background_background&quot;:&quot;classic&quot;}\">\n\t\t\t\t\t\t<div class=\"elementor-container elementor-column-gap-default\">\n\t\t\t\t\t<div class=\"elementor-column elementor-col-100 elementor-top-column elementor-element elementor-element-ddce977\" data-id=\"ddce977\" data-element_type=\"column\">\n\t\t\t<div class=\"elementor-widget-wrap\">\n\t\t\t\t\t\t\t<\/div>\n\t\t<\/div>\n\t\t\t\t\t<\/div>\n\t\t<\/section>\n\t\t\t\t<section class=\"elementor-section elementor-top-section elementor-element elementor-element-6602506 elementor-section-boxed elementor-section-height-default elementor-section-height-default\" data-id=\"6602506\" data-element_type=\"section\">\n\t\t\t\t\t\t<div class=\"elementor-container elementor-column-gap-extended\">\n\t\t\t\t\t<div class=\"elementor-column elementor-col-100 elementor-top-column elementor-element elementor-element-11c1504\" data-id=\"11c1504\" data-element_type=\"column\">\n\t\t\t<div class=\"elementor-widget-wrap elementor-element-populated\">\n\t\t\t\t\t\t<div class=\"elementor-element elementor-element-2a17486 elementor-widget elementor-widget-heading\" data-id=\"2a17486\" data-element_type=\"widget\" data-widget_type=\"heading.default\">\n\t\t\t\t<div class=\"elementor-widget-container\">\n\t\t\t\t\t<h3 class=\"elementor-heading-title elementor-size-default\">Najprodavaniji proizvodi<\/h3>\t\t\t\t<\/div>\n\t\t\t\t<\/div>\n\t\t\t\t<div class=\"elementor-element elementor-element-e8d0e73 elementor-widget elementor-widget-razzi-products-grid\" data-id=\"e8d0e73\" data-element_type=\"widget\" data-settings=\"{&quot;per_page&quot;:8,&quot;columns&quot;:4,&quot;products&quot;:&quot;recent&quot;}\" data-widget_type=\"razzi-products-grid.default\">\n\t\t\t\t<div class=\"elementor-widget-container\">\n\t\t\t\t\t\t\t<div class=\"razzi-products-grid woocommerce\">\r\n\t\t\t<div class=\"product-content\"><ul class=\"products columns-4\">\n<li class=\"product type-product post-11420 status-publish first instock product_cat-venci has-post-thumbnail shipping-taxable purchasable product-type-simple\">\n\t<a href=\"https:\/\/mazzola.rs\/en\/product\/3d\/\" class=\"woocommerce-LoopProduct-link woocommerce-loop-product__link\"><img decoding=\"async\" width=\"450\" height=\"500\" src=\"https:\/\/mazzola.rs\/wp-content\/uploads\/2023\/06\/3D-450x500.png\" class=\"attachment-woocommerce_thumbnail size-woocommerce_thumbnail\" alt=\"\" \/><h2 class=\"woocommerce-loop-product__title\">3D<\/h2>\n\t<span class=\"price\"><span class=\"woocommerce-Price-amount amount\"><bdi><span class=\"woocommerce-Price-currencySymbol\">\u20ac<\/span>9.20<\/bdi><\/span><\/span>\n<\/a><a href=\"?add-to-cart=11420\" aria-describedby=\"woocommerce_loop_add_to_cart_link_describedby_11420\" data-quantity=\"1\" class=\"button product_type_simple add_to_cart_button ajax_add_to_cart text_replaceable\" data-product_id=\"11420\" data-product_sku=\"\" aria-label=\"Add to cart: &ldquo;3D&rdquo;\" rel=\"nofollow\" data-success_message=\"&ldquo;3D&rdquo; has been added to your cart\">Dodaj u korpu<\/a>\t<span id=\"woocommerce_loop_add_to_cart_link_describedby_11420\" class=\"screen-reader-text\">\n\t\t\t<\/span>\n<\/li>\n<li class=\"product type-product post-11411 status-publish instock product_cat-venci has-post-thumbnail shipping-taxable purchasable product-type-simple\">\n\t<a href=\"https:\/\/mazzola.rs\/en\/product\/3d-mali\/\" class=\"woocommerce-LoopProduct-link woocommerce-loop-product__link\"><img decoding=\"async\" width=\"450\" height=\"500\" src=\"https:\/\/mazzola.rs\/wp-content\/uploads\/2023\/06\/3D-mali-450x500.png\" class=\"attachment-woocommerce_thumbnail size-woocommerce_thumbnail\" alt=\"\" \/><h2 class=\"woocommerce-loop-product__title\">3D mali<\/h2>\n\t<span class=\"price\"><span class=\"woocommerce-Price-amount amount\"><bdi><span class=\"woocommerce-Price-currencySymbol\">\u20ac<\/span>6.20<\/bdi><\/span><\/span>\n<\/a><a href=\"?add-to-cart=11411\" aria-describedby=\"woocommerce_loop_add_to_cart_link_describedby_11411\" data-quantity=\"1\" class=\"button product_type_simple add_to_cart_button ajax_add_to_cart text_replaceable\" data-product_id=\"11411\" data-product_sku=\"\" aria-label=\"Add to cart: &ldquo;3D mali&rdquo;\" rel=\"nofollow\" data-success_message=\"&ldquo;3D mali&rdquo; has been added to your cart\">Dodaj u korpu<\/a>\t<span id=\"woocommerce_loop_add_to_cart_link_describedby_11411\" class=\"screen-reader-text\">\n\t\t\t<\/span>\n<\/li>\n<li class=\"product type-product post-11716 status-publish instock product_cat-venci has-post-thumbnail shipping-taxable purchasable product-type-simple\">\n\t<a href=\"https:\/\/mazzola.rs\/en\/product\/agape-mali\/\" class=\"woocommerce-LoopProduct-link woocommerce-loop-product__link\"><img loading=\"lazy\" decoding=\"async\" width=\"450\" height=\"500\" src=\"https:\/\/mazzola.rs\/wp-content\/uploads\/2023\/06\/Agape-srednji-450x500.png\" class=\"attachment-woocommerce_thumbnail size-woocommerce_thumbnail\" alt=\"\" \/><h2 class=\"woocommerce-loop-product__title\">Agape mali<\/h2>\n\t<span class=\"price\"><span class=\"woocommerce-Price-amount amount\"><bdi><span class=\"woocommerce-Price-currencySymbol\">\u20ac<\/span>30.00<\/bdi><\/span><\/span>\n<\/a><a href=\"?add-to-cart=11716\" aria-describedby=\"woocommerce_loop_add_to_cart_link_describedby_11716\" data-quantity=\"1\" class=\"button product_type_simple add_to_cart_button ajax_add_to_cart text_replaceable\" data-product_id=\"11716\" data-product_sku=\"\" aria-label=\"Add to cart: &ldquo;Agape mali&rdquo;\" rel=\"nofollow\" data-success_message=\"&ldquo;Agape mali&rdquo; has been added to your cart\">Dodaj u korpu<\/a>\t<span id=\"woocommerce_loop_add_to_cart_link_describedby_11716\" class=\"screen-reader-text\">\n\t\t\t<\/span>\n<\/li>\n<li class=\"product type-product post-11421 status-publish last instock product_cat-venci has-post-thumbnail shipping-taxable purchasable product-type-simple\">\n\t<a href=\"https:\/\/mazzola.rs\/en\/product\/agape\/\" class=\"woocommerce-LoopProduct-link woocommerce-loop-product__link\"><img loading=\"lazy\" decoding=\"async\" width=\"450\" height=\"500\" src=\"https:\/\/mazzola.rs\/wp-content\/uploads\/2023\/06\/Agape-srednji-450x500.png\" class=\"attachment-woocommerce_thumbnail size-woocommerce_thumbnail\" alt=\"\" \/><h2 class=\"woocommerce-loop-product__title\">Agape srednji<\/h2>\n\t<span class=\"price\"><span class=\"woocommerce-Price-amount amount\"><bdi><span class=\"woocommerce-Price-currencySymbol\">\u20ac<\/span>50.00<\/bdi><\/span><\/span>\n<\/a><a href=\"?add-to-cart=11421\" aria-describedby=\"woocommerce_loop_add_to_cart_link_describedby_11421\" data-quantity=\"1\" class=\"button product_type_simple add_to_cart_button ajax_add_to_cart text_replaceable\" data-product_id=\"11421\" data-product_sku=\"\" aria-label=\"Add to cart: &ldquo;Agape srednji&rdquo;\" rel=\"nofollow\" data-success_message=\"&ldquo;Agape srednji&rdquo; has been added to your cart\">Dodaj u korpu<\/a>\t<span id=\"woocommerce_loop_add_to_cart_link_describedby_11421\" class=\"screen-reader-text\">\n\t\t\t<\/span>\n<\/li>\n<li class=\"product type-product post-11422 status-publish first instock product_cat-venci has-post-thumbnail shipping-taxable purchasable product-type-simple\">\n\t<a href=\"https:\/\/mazzola.rs\/en\/product\/amfora-mala\/\" class=\"woocommerce-LoopProduct-link woocommerce-loop-product__link\"><img loading=\"lazy\" decoding=\"async\" width=\"450\" height=\"500\" src=\"https:\/\/mazzola.rs\/wp-content\/uploads\/2023\/06\/Amfora-mala-450x500.png\" class=\"attachment-woocommerce_thumbnail size-woocommerce_thumbnail\" alt=\"\" \/><h2 class=\"woocommerce-loop-product__title\">Amfora mala<\/h2>\n\t<span class=\"price\"><span class=\"woocommerce-Price-amount amount\"><bdi><span class=\"woocommerce-Price-currencySymbol\">\u20ac<\/span>5.50<\/bdi><\/span><\/span>\n<\/a><a href=\"?add-to-cart=11422\" aria-describedby=\"woocommerce_loop_add_to_cart_link_describedby_11422\" data-quantity=\"1\" class=\"button product_type_simple add_to_cart_button ajax_add_to_cart text_replaceable\" data-product_id=\"11422\" data-product_sku=\"\" aria-label=\"Add to cart: &ldquo;Amfora mala&rdquo;\" rel=\"nofollow\" data-success_message=\"&ldquo;Amfora mala&rdquo; has been added to your cart\">Dodaj u korpu<\/a>\t<span id=\"woocommerce_loop_add_to_cart_link_describedby_11422\" class=\"screen-reader-text\">\n\t\t\t<\/span>\n<\/li>\n<li class=\"product type-product post-11423 status-publish instock product_cat-venci has-post-thumbnail shipping-taxable purchasable product-type-simple\">\n\t<a href=\"https:\/\/mazzola.rs\/en\/product\/amfora-velika\/\" class=\"woocommerce-LoopProduct-link woocommerce-loop-product__link\"><img loading=\"lazy\" decoding=\"async\" width=\"450\" height=\"500\" src=\"https:\/\/mazzola.rs\/wp-content\/uploads\/2023\/06\/Amfora-velika-450x500.png\" class=\"attachment-woocommerce_thumbnail size-woocommerce_thumbnail\" alt=\"\" \/><h2 class=\"woocommerce-loop-product__title\">Amfora velika<\/h2>\n\t<span class=\"price\"><span class=\"woocommerce-Price-amount amount\"><bdi><span class=\"woocommerce-Price-currencySymbol\">\u20ac<\/span>7.30<\/bdi><\/span><\/span>\n<\/a><a href=\"?add-to-cart=11423\" aria-describedby=\"woocommerce_loop_add_to_cart_link_describedby_11423\" data-quantity=\"1\" class=\"button product_type_simple add_to_cart_button ajax_add_to_cart text_replaceable\" data-product_id=\"11423\" data-product_sku=\"\" aria-label=\"Add to cart: &ldquo;Amfora velika&rdquo;\" rel=\"nofollow\" data-success_message=\"&ldquo;Amfora velika&rdquo; has been added to your cart\">Dodaj u korpu<\/a>\t<span id=\"woocommerce_loop_add_to_cart_link_describedby_11423\" class=\"screen-reader-text\">\n\t\t\t<\/span>\n<\/li>\n<li class=\"product type-product post-11424 status-publish instock product_cat-venci has-post-thumbnail shipping-taxable purchasable product-type-simple\">\n\t<a href=\"https:\/\/mazzola.rs\/en\/product\/arka-mala\/\" class=\"woocommerce-LoopProduct-link woocommerce-loop-product__link\"><img loading=\"lazy\" decoding=\"async\" width=\"450\" height=\"500\" src=\"https:\/\/mazzola.rs\/wp-content\/uploads\/2023\/06\/Arka-mala-450x500.png\" class=\"attachment-woocommerce_thumbnail size-woocommerce_thumbnail\" alt=\"\" \/><h2 class=\"woocommerce-loop-product__title\">Arka mala<\/h2>\n\t<span class=\"price\"><span class=\"woocommerce-Price-amount amount\"><bdi><span class=\"woocommerce-Price-currencySymbol\">\u20ac<\/span>9.00<\/bdi><\/span><\/span>\n<\/a><a href=\"?add-to-cart=11424\" aria-describedby=\"woocommerce_loop_add_to_cart_link_describedby_11424\" data-quantity=\"1\" class=\"button product_type_simple add_to_cart_button ajax_add_to_cart text_replaceable\" data-product_id=\"11424\" data-product_sku=\"\" aria-label=\"Add to cart: &ldquo;Arka mala&rdquo;\" rel=\"nofollow\" data-success_message=\"&ldquo;Arka mala&rdquo; has been added to your cart\">Dodaj u korpu<\/a>\t<span id=\"woocommerce_loop_add_to_cart_link_describedby_11424\" class=\"screen-reader-text\">\n\t\t\t<\/span>\n<\/li>\n<li class=\"product type-product post-11458 status-publish last instock product_cat-venci has-post-thumbnail shipping-taxable purchasable product-type-simple\">\n\t<a href=\"https:\/\/mazzola.rs\/en\/product\/arka-mini\/\" class=\"woocommerce-LoopProduct-link woocommerce-loop-product__link\"><img loading=\"lazy\" decoding=\"async\" width=\"433\" height=\"437\" src=\"https:\/\/mazzola.rs\/wp-content\/uploads\/2023\/06\/Arka-mini.png\" class=\"attachment-woocommerce_thumbnail size-woocommerce_thumbnail\" alt=\"\" srcset=\"https:\/\/mazzola.rs\/wp-content\/uploads\/2023\/06\/Arka-mini.png 433w, https:\/\/mazzola.rs\/wp-content\/uploads\/2023\/06\/Arka-mini-297x300.png 297w, https:\/\/mazzola.rs\/wp-content\/uploads\/2023\/06\/Arka-mini-150x150.png 150w\" sizes=\"(max-width: 433px) 100vw, 433px\" \/><h2 class=\"woocommerce-loop-product__title\">Arka mini<\/h2>\n\t<span class=\"price\"><span class=\"woocommerce-Price-amount amount\"><bdi><span class=\"woocommerce-Price-currencySymbol\">\u20ac<\/span>7.90<\/bdi><\/span><\/span>\n<\/a><a href=\"?add-to-cart=11458\" aria-describedby=\"woocommerce_loop_add_to_cart_link_describedby_11458\" data-quantity=\"1\" class=\"button product_type_simple add_to_cart_button ajax_add_to_cart text_replaceable\" data-product_id=\"11458\" data-product_sku=\"\" aria-label=\"Add to cart: &ldquo;Arka mini&rdquo;\" rel=\"nofollow\" data-success_message=\"&ldquo;Arka mini&rdquo; has been added to your cart\">Dodaj u korpu<\/a>\t<span id=\"woocommerce_loop_add_to_cart_link_describedby_11458\" class=\"screen-reader-text\">\n\t\t\t<\/span>\n<\/li>\n<\/ul>\n<\/div>\t\t<\/div>\r\n\t\t\t\t\t\t<\/div>\n\t\t\t\t<\/div>\n\t\t\t\t<div class=\"elementor-element elementor-element-c2f02c5 elementor-align-center elementor-widget elementor-widget-razzi-button\" data-id=\"c2f02c5\" data-element_type=\"widget\" data-widget_type=\"razzi-button.default\">\n\t\t\t\t<div class=\"elementor-widget-container\">\n\t\t\t\t\t        <a href=\"https:\/\/mazzola.rs\/index.php\/prodavnica\/\" class=\"razzi-button-link razzi-button button-underline\">\n\t\t\t\t\t\t\t\t\t<span class=\"razzi-button-text\">Pogledaj ostale vence<\/span>        <\/a>\n\t\t\t\t\t\t<\/div>\n\t\t\t\t<\/div>\n\t\t\t\t\t<\/div>\n\t\t<\/div>\n\t\t\t\t\t<\/div>\n\t\t<\/section>\n\t\t\t\t<\/div>\n\t\t","protected":false},"excerpt":{"rendered":"<p>Izrada kvalitetnih venaca od ve\u0161ta\u010dkih materijalaIdi na prodavnicu O nama D.o.o. Mazzola Internationa ve\u0107 preko petnaest godina ru\u010dno proizvodi korpe i vence svih veli\u010dina i oblika, sa ramovima od \u010deli\u010dne \u017eice i kvalitetnim ve\u0161ta\u010dkim zelenilom. Tu smo da Vama olak\u0161amo poslovanje. Spremni smo na svaki dogovor i saradnju. Najprodavaniji proizvodi Dodaj u omiljene Quick View [&hellip;]<\/p>\n","protected":false},"author":1,"featured_media":0,"parent":0,"menu_order":0,"comment_status":"closed","ping_status":"closed","template":"","meta":{"footnotes":""},"class_list":["post-4261","page","type-page","status-publish","hentry"],"_links":{"self":[{"href":"https:\/\/mazzola.rs\/en\/wp-json\/wp\/v2\/pages\/4261","targetHints":{"allow":["GET"]}}],"collection":[{"href":"https:\/\/mazzola.rs\/en\/wp-json\/wp\/v2\/pages"}],"about":[{"href":"https:\/\/mazzola.rs\/en\/wp-json\/wp\/v2\/types\/page"}],"author":[{"embeddable":true,"href":"https:\/\/mazzola.rs\/en\/wp-json\/wp\/v2\/users\/1"}],"replies":[{"embeddable":true,"href":"https:\/\/mazzola.rs\/en\/wp-json\/wp\/v2\/comments?post=4261"}],"version-history":[{"count":52,"href":"https:\/\/mazzola.rs\/en\/wp-json\/wp\/v2\/pages\/4261\/revisions"}],"predecessor-version":[{"id":11676,"href":"https:\/\/mazzola.rs\/en\/wp-json\/wp\/v2\/pages\/4261\/revisions\/11676"}],"wp:attachment":[{"href":"https:\/\/mazzola.rs\/en\/wp-json\/wp\/v2\/media?parent=4261"}],"curies":[{"name":"wp","href":"https:\/\/api.w.org\/{rel}","templated":true}]}}